{"id":93,"date":"2025-09-25T15:20:18","date_gmt":"2025-09-25T13:20:18","guid":{"rendered":"https:\/\/konyhasonlito.hu\/?page_id=93"},"modified":"2025-09-25T15:50:29","modified_gmt":"2025-09-25T13:50:29","slug":"cadren","status":"publish","type":"page","link":"https:\/\/konyhasonlito.hu\/?page_id=93","title":{"rendered":"Cadren"},"content":{"rendered":"\n<h2 class=\"wp-block-heading has-black-color has-text-color has-link-color wp-elements-e1e218634975f0c04485f0bc4c63560d\">Teljes k\u00f6r\u0171 sz\u00e1mla-, dokumentum- \u00e9s p\u00e9nz\u00fcgyi menedzsment, k\u00f6zvetlen k\u00f6nyvel\u0151i kapcsol\u00f3d\u00e1ssal.<\/h2>\n\n\n\n<p>A Cadren szoftver egy olyan operat\u00edv eszk\u00f6z, amely a vend\u00e9gl\u00e1t\u00f3ipari v\u00e1llalkoz\u00e1sok adminisztrat\u00edv folyamatainak k\u00f6zpontos\u00edt\u00e1s\u00e1val \u00e9s automatiz\u00e1l\u00e1s\u00e1val m\u00e9rhet\u0151 hat\u00e9konys\u00e1gn\u00f6veked\u00e9st eredm\u00e9nyez. Seg\u00edts\u00e9g\u00e9vel a c\u00e9gvezet\u0151k pontos, naprak\u00e9sz adatokhoz jutnak, kontrollt gyakorolhatnak a kiad\u00e1sok felett, \u00e9s cs\u00f6kkenthetik a manu\u00e1lis adminisztr\u00e1ci\u00f3ra ford\u00edtott id\u0151t, er\u0151forr\u00e1sokat szabad\u00edtva fel a vend\u00e9g\u00e9lm\u00e9ny jav\u00edt\u00e1s\u00e1ra \u00e9s az \u00fczletfejleszt\u00e9sre.<\/p>\n\n\n\n<p><\/p>\n\n\n\n<h3 class=\"wp-block-heading has-text-color has-link-color wp-elements-9534811b63a878a859c181e0d3e962a9\" style=\"color:#800020\"><strong>A vend\u00e9gl\u00e1t\u00f3ipari adminisztr\u00e1ci\u00f3 digitaliz\u00e1l\u00e1sa: A Cadren szoftver funkci\u00f3i \u00e9s el\u0151nyei<\/strong><\/h3>\n\n\n\n<p>A vend\u00e9gl\u00e1t\u00f3iparban m\u0171k\u00f6d\u0151 v\u00e1llalkoz\u00e1sok \u2013 legyen sz\u00f3 \u00e9tteremr\u0151l, sz\u00e1llod\u00e1r\u00f3l, catering c\u00e9gr\u0151l vagy b\u00e1rr\u00f3l \u2013 napi szinten jelent\u0151s mennyis\u00e9g\u0171 adminisztrat\u00edv feladatot kezelnek. A besz\u00e1ll\u00edt\u00f3i sz\u00e1ml\u00e1k sokas\u00e1ga, a komplex beszerz\u00e9si folyamatok \u00e9s a p\u00e9nz\u00fcgyi teljes\u00edtm\u00e9ny pontos nyomon k\u00f6vet\u00e9s\u00e9nek ig\u00e9nye k\u00f6z\u00f6s kih\u00edv\u00e1st jelentenek. Ezen folyamatok manu\u00e1lis vagy sz\u00e9ttagolt rendszerekben val\u00f3 kezel\u00e9se id\u0151ig\u00e9nyes, hibalehet\u0151s\u00e9geket rejt \u00e9s nehez\u00edti a naprak\u00e9sz \u00fczleti d\u00f6nt\u00e9sek meghozatal\u00e1t. A Cadren egy k\u00f6zpontos\u00edtott szoftveres megold\u00e1st k\u00edn\u00e1l, amely kifejezetten ezen operat\u00edv kih\u00edv\u00e1sok kezel\u00e9s\u00e9re lett kifejlesztve.<\/p>\n\n\n\n<p>Az al\u00e1bbiakban bemutatjuk a szoftver f\u0151bb moduljait \u00e9s azokat a konkr\u00e9t el\u0151ny\u00f6ket, amelyeket egy vend\u00e9gl\u00e1t\u00f3ipari v\u00e1llalkoz\u00e1s sz\u00e1m\u00e1ra ny\u00fajtanak.<\/p>\n\n\n\n<h4 class=\"wp-block-heading has-text-color has-link-color wp-elements-ab4c07618631540be19b66b14d20238b\" style=\"color:#800020\"><strong>1. K\u00f6zponti sz\u00e1mla- \u00e9s dokumentumkezel\u00e9s<\/strong><\/h4>\n\n\n\n<p>Tulajdons\u00e1gok: A rendszer lehet\u0151v\u00e9 teszi az \u00f6sszes bej\u00f6v\u0151 \u00e9s kimen\u0151 sz\u00e1mla digit\u00e1lis t\u00e1rol\u00e1s\u00e1t \u00e9s archiv\u00e1l\u00e1s\u00e1t. T\u00e1mogatja a sz\u00e1mlak\u00e9pek felt\u00f6lt\u00e9s\u00e9t, a k\u00fclf\u00f6ldi (deviz\u00e1s) sz\u00e1ml\u00e1k kezel\u00e9s\u00e9t, valamint automatikusan let\u00f6lti \u00e9s feldolgozza a NAV Online Sz\u00e1mla rendszer\u00e9b\u0151l \u00e9rkez\u0151 XML adatokat. A dokumentumt\u00e1r modulban szerz\u0151d\u00e9sek, hat\u00f3s\u00e1gi enged\u00e9lyek (pl. HACCP, NTAK) \u00e9s egy\u00e9b \u00fczleti iratok t\u00e1rolhat\u00f3k, lej\u00e1rati figyelmeztet\u0151k be\u00e1ll\u00edt\u00e1s\u00e1val.<\/p>\n\n\n\n<p>El\u0151ny\u00f6k a vend\u00e9gl\u00e1t\u00f3iparban:<\/p>\n\n\n\n<ul class=\"wp-block-list\">\n<li>Adminisztr\u00e1ci\u00f3s id\u0151 cs\u00f6kken\u00e9se: A pap\u00edralap\u00fa sz\u00e1ml\u00e1k fizikai rendszerez\u00e9se \u00e9s keres\u00e9se megsz\u0171nik, legyen sz\u00f3 alapanyag-besz\u00e1ll\u00edt\u00f3r\u00f3l, takar\u00edt\u00f3szolg\u00e1latr\u00f3l vagy text\u00edli\u00e1kat biztos\u00edt\u00f3 partnerr\u0151l.<\/li>\n\n\n\n<li>Adatveszt\u00e9s kock\u00e1zat\u00e1nak kik\u00fcsz\u00f6b\u00f6l\u00e9se: A digit\u00e1lis t\u00e1rol\u00e1s megakad\u00e1lyozza a sz\u00e1ml\u00e1k \u00e9s fontos iratok fizikai elveszt\u00e9s\u00e9t vagy s\u00e9r\u00fcl\u00e9s\u00e9t.<\/li>\n\n\n\n<li>Pontosabb p\u00e9nz\u00fcgyi nyilv\u00e1ntart\u00e1s: Az automatikus NAV-integr\u00e1ci\u00f3 biztos\u00edtja, hogy minden sz\u00e1mla beker\u00fclj\u00f6n a rendszerbe, cs\u00f6kkentve a manu\u00e1lis adatr\u00f6gz\u00edt\u00e9sb\u0151l fakad\u00f3 hib\u00e1kat.<\/li>\n\n\n\n<li>Jogszab\u00e1lyi megfelel\u00e9s:<strong> <\/strong>A lej\u00e1ratfigyelmeztet\u0151 funkci\u00f3 proakt\u00edvan jelez a meg\u00faj\u00edtand\u00f3 enged\u00e9lyekr\u0151l, b\u00e9rleti szerz\u0151d\u00e9sekr\u0151l vagy hat\u00f3s\u00e1gi igazol\u00e1sokr\u00f3l.<\/li>\n<\/ul>\n\n\n\n<h4 class=\"wp-block-heading has-text-color has-link-color wp-elements-2fa4ac3bcdd9b2d0c6293ee165fc2e90\" style=\"color:#800020\"><strong>2. Sz\u00e1ll\u00edt\u00f3i \u00e9s Beszerz\u00e9si Folyamatmenedzsment<\/strong><\/h4>\n\n\n\n<p>Tulajdons\u00e1gok: A beszerz\u00e9si modul a teljes folyamatot lefedi az ig\u00e9nyl\u00e9s r\u00f6gz\u00edt\u00e9s\u00e9t\u0151l a teljes\u00edt\u00e9sigazol\u00e1sig. Lehet\u0151s\u00e9get biztos\u00edt \u00e1raj\u00e1nlatk\u00e9r\u00e9sek kik\u00fcld\u00e9s\u00e9re, a be\u00e9rkez\u0151 aj\u00e1nlatok \u00f6sszehasonl\u00edt\u00e1s\u00e1ra, megrendel\u00e9sek kiad\u00e1s\u00e1ra \u00e9s a kapcsol\u00f3d\u00f3 sz\u00e1ml\u00e1k, szerz\u0151d\u00e9sek csatol\u00e1s\u00e1ra.<\/p>\n\n\n\n<p>El\u0151ny\u00f6k a vend\u00e9gl\u00e1t\u00f3iparban:<\/p>\n\n\n\n<ul class=\"wp-block-list\">\n<li>K\u00f6lts\u00e9gkontroll \u00e9s \u00e1tl\u00e1that\u00f3s\u00e1g: A k\u00f6zpontos\u00edtott rendszerben minden beszerz\u00e9si ig\u00e9ny (pl. alapanyagok, italok, szobai text\u00edli\u00e1k) dokument\u00e1lt \u00e9s visszak\u00f6vethet\u0151. Ez lehet\u0151v\u00e9 teszi a kiad\u00e1sok pontos elemz\u00e9s\u00e9t \u00e9s a legjobb \u00e1raj\u00e1nlatok kiv\u00e1laszt\u00e1s\u00e1t.<\/li>\n\n\n\n<li>Optimaliz\u00e1lt m\u0171k\u00f6d\u00e9s:<strong> <\/strong>Az \u00fczletvezet\u0151, F&amp;B menedzser vagy sz\u00e1llodaigazgat\u00f3 pontosan nyomon k\u00f6vetheti a leadott rendel\u00e9sek st\u00e1tusz\u00e1t, seg\u00edtve az alapanyag-k\u00e9szletek \u00e9s egy\u00e9b eszk\u00f6z\u00f6k (pl. szobai bek\u00e9sz\u00edt\u00e9sek) tervez\u00e9s\u00e9t.<\/li>\n\n\n\n<li>Audit\u00e1lhat\u00f3 folyamatok: Egy esetleges bels\u0151 vagy k\u00fcls\u0151 ellen\u0151rz\u00e9s sor\u00e1n a teljes beszerz\u00e9si el\u0151zm\u00e9ny \u2013 az ig\u00e9nyl\u00e9st\u0151l a kifizet\u00e9sig \u2013 k\u00f6nnyen bemutathat\u00f3.<\/li>\n<\/ul>\n\n\n\n<h4 class=\"wp-block-heading has-text-color has-link-color wp-elements-0fb12a1c4c290a3a415f5e1bca80c7af\" style=\"color:#800020\"><strong>3. P\u00e9nz\u00fcgyi statisztik\u00e1k \u00e9s vezet\u0151i riportok<\/strong><\/h4>\n\n\n\n<p>Tulajdons\u00e1gok:<strong> <\/strong>A szoftver val\u00f3s idej\u0171 p\u00e9nz\u00fcgyi m\u0171szerfalat biztos\u00edt, amely grafikonokon \u00e9s t\u00e1bl\u00e1zatokban jelen\u00edti meg a bev\u00e9telek, kiad\u00e1sok \u00e9s az egyenleg alakul\u00e1s\u00e1t. Lehet\u0151s\u00e9g van p\u00e9nz\u00fcgyi dimenzi\u00f3k (pl. k\u00f6lts\u00e9ghely, projektsz\u00e1m) l\u00e9trehoz\u00e1s\u00e1ra, amelyek ment\u00e9n a tranzakci\u00f3k sz\u0171rhet\u0151k \u00e9s csoportos\u00edthat\u00f3k. A riportok PDF \u00e9s CSV form\u00e1tumban export\u00e1lhat\u00f3k.<\/p>\n\n\n\n<p>El\u0151ny\u00f6k a vend\u00e9gl\u00e1t\u00f3iparban:<\/p>\n\n\n\n<ul class=\"wp-block-list\">\n<li>Adatalap\u00fa d\u00f6nt\u00e9shozatal: A vezet\u0151k naprak\u00e9sz inform\u00e1ci\u00f3k birtok\u00e1ban hozhatnak d\u00f6nt\u00e9seket, nem kell a k\u00f6nyvel\u0151i z\u00e1r\u00e1sra v\u00e1rni a c\u00e9g p\u00e9nz\u00fcgyi helyzet\u00e9nek felm\u00e9r\u00e9s\u00e9hez.<\/li>\n\n\n\n<li>R\u00e9szletes j\u00f6velmez\u0151s\u00e9gi elemz\u00e9s: K\u00f6lts\u00e9ghelyek l\u00e9trehoz\u00e1s\u00e1val (pl. &#8222;\u00e9tterem&#8221;, &#8222;b\u00e1r&#8221;, &#8222;sz\u00e1ll\u00e1s&#8221;, &#8222;rendezv\u00e9nyszervez\u00e9s&#8221;) pontosan m\u00e9rhet\u0151, hogy a v\u00e1llalkoz\u00e1s melyik \u00fczlet\u00e1ga milyen m\u00e9rt\u00e9kben j\u00e1rul hozz\u00e1 a profithoz.<\/li>\n\n\n\n<li>Projektek nyomon k\u00f6vet\u00e9se: Egy-egy esem\u00e9ny (pl. &#8222;h\u00e9tv\u00e9gi esk\u00fcv\u0151&#8221;, &#8222;c\u00e9ges konferencia&#8221;) k\u00fcl\u00f6n projektsz\u00e1mon val\u00f3 kezel\u00e9s\u00e9vel annak p\u00e9nz\u00fcgyi teljes\u00edtm\u00e9nye prec\u00edzen ki\u00e9rt\u00e9kelhet\u0151.<\/li>\n<\/ul>\n\n\n\n<h4 class=\"wp-block-heading has-text-color has-link-color wp-elements-c0942fafb3f204ae6aeb62aef525d09e\" style=\"color:#800020\"><strong>4. Integr\u00e1lt k\u00f6nyvel\u0151i kapcsolat \u00e9s jogosults\u00e1gkezel\u00e9s<\/strong><\/h4>\n\n\n\n<p>Tulajdons\u00e1gok: A rendszer dedik\u00e1lt fel\u00fcletet biztos\u00edt a k\u00f6nyvel\u0151 sz\u00e1m\u00e1ra, ahol hozz\u00e1f\u00e9r a digit\u00e1lisan r\u00f6gz\u00edtett \u00e9s j\u00f3v\u00e1hagyott bizonylatokhoz. Az adatok export\u00e1lhat\u00f3k a legelterjedtebb k\u00f6nyvel\u0151szoftverekbe (IMA, Relax, RLB, stb.). A jogosults\u00e1gkezel\u0151 modulban r\u00e9szletesen szab\u00e1lyozhat\u00f3, hogy melyik munkat\u00e1rs a szoftver melyik r\u00e9sz\u00e9hez f\u00e9rhet hozz\u00e1.<\/p>\n\n\n\n<p>El\u0151ny\u00f6k a vend\u00e9gl\u00e1t\u00f3iparban:<\/p>\n\n\n\n<ul class=\"wp-block-list\">\n<li>Hat\u00e9konyabb k\u00f6nyvel\u00e9si folyamat: A digit\u00e1lis adat\u00e1tad\u00e1s jelent\u0151sen cs\u00f6kkenti a k\u00f6nyvel\u0151 manu\u00e1lis munk\u00e1j\u00e1t \u00e9s a k\u00e9t f\u00e9l k\u00f6z\u00f6tti kommunik\u00e1ci\u00f3ra ford\u00edtott id\u0151t.<\/li>\n\n\n\n<li>Fokozott adatbiztons\u00e1g: A szerepk\u00f6r alap\u00fa hozz\u00e1f\u00e9r\u00e9s biztos\u00edtja, hogy p\u00e9ld\u00e1ul a beszerz\u00e9si munkat\u00e1rs csak a saj\u00e1t ter\u00fclet\u00e9hez kapcsol\u00f3d\u00f3 sz\u00e1ml\u00e1kat l\u00e1ssa, a p\u00e9nz\u00fcgyi vezet\u0151i riportokhoz viszont ne f\u00e9rjen hozz\u00e1.<\/li>\n\n\n\n<li>Nyomon k\u00f6vethet\u0151s\u00e9g: Az audit napl\u00f3 r\u00f6gz\u00edti, hogy ki, mikor \u00e9s milyen m\u00f3dos\u00edt\u00e1st v\u00e9gzett a rendszerben, ami n\u00f6veli a bels\u0151 folyamatok biztons\u00e1g\u00e1t.<\/li>\n<\/ul>\n\n\n\n<p><\/p>\n\n\n\n<p class=\"has-text-color has-link-color wp-elements-cb8fb8a9239d129f49670c463ca0957a\" style=\"color:#9dc183\"><strong>Amennyiben szeretne t\u00f6bbet megtudni a szoftverr\u0151l l\u00e1togassa meg a hivatalosa weboldalt: <a href=\"https:\/\/konyvelo.cadren.cloud\/\" data-type=\"link\" data-id=\"https:\/\/konyvelo.cadren.cloud\/\">Cadren<\/a><\/strong><\/p>\n\n\n\n<p><\/p>\n","protected":false},"excerpt":{"rendered":"<p>Teljes k\u00f6r\u0171 sz\u00e1mla-, dokumentum- \u00e9s p\u00e9nz\u00fcgyi menedzsment, k\u00f6zvetlen k\u00f6nyvel\u0151i kapcsol\u00f3d\u00e1ssal. A Cadren szoftver egy olyan operat\u00edv eszk\u00f6z, amely a vend\u00e9gl\u00e1t\u00f3ipari v\u00e1llalkoz\u00e1sok adminisztrat\u00edv folyamatainak k\u00f6zpontos\u00edt\u00e1s\u00e1val \u00e9s automatiz\u00e1l\u00e1s\u00e1val m\u00e9rhet\u0151 hat\u00e9konys\u00e1gn\u00f6veked\u00e9st eredm\u00e9nyez. Seg\u00edts\u00e9g\u00e9vel a c\u00e9gvezet\u0151k pontos, naprak\u00e9sz adatokhoz jutnak, kontrollt gyakorolhatnak a kiad\u00e1sok felett, \u00e9s cs\u00f6kkenthetik a manu\u00e1lis adminisztr\u00e1ci\u00f3ra ford\u00edtott id\u0151t, er\u0151forr\u00e1sokat szabad\u00edtva fel a vend\u00e9g\u00e9lm\u00e9ny jav\u00edt\u00e1s\u00e1ra \u00e9s [&hellip;]<\/p>\n","protected":false},"author":1,"featured_media":96,"parent":46,"menu_order":0,"comment_status":"closed","ping_status":"closed","template":"","meta":{"footnotes":""},"class_list":["post-93","page","type-page","status-publish","has-post-thumbnail","hentry"],"_links":{"self":[{"href":"https:\/\/konyhasonlito.hu\/index.php?rest_route=\/wp\/v2\/pages\/93","targetHints":{"allow":["GET"]}}],"collection":[{"href":"https:\/\/konyhasonlito.hu\/index.php?rest_route=\/wp\/v2\/pages"}],"about":[{"href":"https:\/\/konyhasonlito.hu\/index.php?rest_route=\/wp\/v2\/types\/page"}],"author":[{"embeddable":true,"href":"https:\/\/konyhasonlito.hu\/index.php?rest_route=\/wp\/v2\/users\/1"}],"replies":[{"embeddable":true,"href":"https:\/\/konyhasonlito.hu\/index.php?rest_route=%2Fwp%2Fv2%2Fcomments&post=93"}],"version-history":[{"count":7,"href":"https:\/\/konyhasonlito.hu\/index.php?rest_route=\/wp\/v2\/pages\/93\/revisions"}],"predecessor-version":[{"id":102,"href":"https:\/\/konyhasonlito.hu\/index.php?rest_route=\/wp\/v2\/pages\/93\/revisions\/102"}],"up":[{"embeddable":true,"href":"https:\/\/konyhasonlito.hu\/index.php?rest_route=\/wp\/v2\/pages\/46"}],"wp:featuredmedia":[{"embeddable":true,"href":"https:\/\/konyhasonlito.hu\/index.php?rest_route=\/wp\/v2\/media\/96"}],"wp:attachment":[{"href":"https:\/\/konyhasonlito.hu\/index.php?rest_route=%2Fwp%2Fv2%2Fmedia&parent=93"}],"curies":[{"name":"wp","href":"https:\/\/api.w.org\/{rel}","templated":true}]}}