{"id":55,"date":"2025-09-20T11:35:06","date_gmt":"2025-09-20T09:35:06","guid":{"rendered":"https:\/\/konyhasonlito.hu\/?page_id=55"},"modified":"2025-10-02T10:57:15","modified_gmt":"2025-10-02T08:57:15","slug":"konyhasonlito","status":"publish","type":"page","link":"https:\/\/konyhasonlito.hu\/","title":{"rendered":"Konyhasonlit\u00f3 c\u00e9lja \u00e9s v\u00edzi\u00f3ja"},"content":{"rendered":"\n<p>A Konyhasonl\u00edt\u00f3 v\u00e9gs\u0151 c\u00e9lja egy olyan nemzetk\u00f6zileg sk\u00e1l\u00e1zhat\u00f3 B2B piact\u00e9r, amely Magyarorsz\u00e1g 45 ezer vend\u00e9gl\u00e1t\u00f3ipari v\u00e1llalkoz\u00e1s\u00e1nak sp\u00f3rol id\u0151t \u00e9s p\u00e9nzt azzal, hogy egy k\u00f6zponti, ellen\u0151rz\u00f6tt adatb\u00e1zisban k\u00f6ti \u00f6ssze \u0151ket a relev\u00e1ns g\u00e9pforgalmaz\u00f3kkal \u00e9s szolg\u00e1ltat\u00f3kkal.<\/p>\n\n\n\n<p>A Konyhasonl\u00edt\u00f3 -ahol a bizalom \u00e9s a hat\u00e9konys\u00e1g tal\u00e1lkozik. Egy k\u00f6zponti, intelligens B2B piact\u00e9r, amely a bizalmat \u00e9s a hat\u00e9konys\u00e1got adja vissza a magyar vend\u00e9gl\u00e1t\u00f3iparnak. \u00d6ngerjeszt\u0151 rendszer: a szakemberek a megb\u00edzhat\u00f3, k\u00f6zponti inform\u00e1ci\u00f3\u00e9rt j\u00f6nnek, a c\u00e9gek pedig a koncentr\u00e1lt, szakmai k\u00f6z\u00f6ns\u00e9g\u00e9rt. <\/p>\n\n\n\n<p>Ezzel egy olyan hat\u00e9kony \u00f6kosziszt\u00e9m\u00e1t fogunk teremteni, ahol mindenki nyer.<\/p>\n\n\n\n<p><\/p>\n\n\n\n<p><\/p>\n","protected":false},"excerpt":{"rendered":"<p>A Konyhasonl\u00edt\u00f3 v\u00e9gs\u0151 c\u00e9lja egy olyan nemzetk\u00f6zileg sk\u00e1l\u00e1zhat\u00f3 B2B piact\u00e9r, amely Magyarorsz\u00e1g 45 ezer vend\u00e9gl\u00e1t\u00f3ipari v\u00e1llalkoz\u00e1s\u00e1nak sp\u00f3rol id\u0151t \u00e9s p\u00e9nzt azzal, hogy egy k\u00f6zponti, ellen\u0151rz\u00f6tt adatb\u00e1zisban k\u00f6ti \u00f6ssze \u0151ket a relev\u00e1ns g\u00e9pforgalmaz\u00f3kkal \u00e9s szolg\u00e1ltat\u00f3kkal. A Konyhasonl\u00edt\u00f3 -ahol a bizalom \u00e9s a hat\u00e9konys\u00e1g tal\u00e1lkozik. Egy k\u00f6zponti, intelligens B2B piact\u00e9r, amely a bizalmat \u00e9s a hat\u00e9konys\u00e1got adja [&hellip;]<\/p>\n","protected":false},"author":1,"featured_media":0,"parent":0,"menu_order":0,"comment_status":"closed","ping_status":"closed","template":"","meta":{"footnotes":""},"class_list":["post-55","page","type-page","status-publish","hentry"],"_links":{"self":[{"href":"https:\/\/konyhasonlito.hu\/index.php?rest_route=\/wp\/v2\/pages\/55","targetHints":{"allow":["GET"]}}],"collection":[{"href":"https:\/\/konyhasonlito.hu\/index.php?rest_route=\/wp\/v2\/pages"}],"about":[{"href":"https:\/\/konyhasonlito.hu\/index.php?rest_route=\/wp\/v2\/types\/page"}],"author":[{"embeddable":true,"href":"https:\/\/konyhasonlito.hu\/index.php?rest_route=\/wp\/v2\/users\/1"}],"replies":[{"embeddable":true,"href":"https:\/\/konyhasonlito.hu\/index.php?rest_route=%2Fwp%2Fv2%2Fcomments&post=55"}],"version-history":[{"count":10,"href":"https:\/\/konyhasonlito.hu\/index.php?rest_route=\/wp\/v2\/pages\/55\/revisions"}],"predecessor-version":[{"id":156,"href":"https:\/\/konyhasonlito.hu\/index.php?rest_route=\/wp\/v2\/pages\/55\/revisions\/156"}],"wp:attachment":[{"href":"https:\/\/konyhasonlito.hu\/index.php?rest_route=%2Fwp%2Fv2%2Fmedia&parent=55"}],"curies":[{"name":"wp","href":"https:\/\/api.w.org\/{rel}","templated":true}]}}