{"id":34,"date":"2025-09-20T11:13:21","date_gmt":"2025-09-20T09:13:21","guid":{"rendered":"https:\/\/konyhasonlito.hu\/?page_id=34"},"modified":"2025-10-09T17:31:11","modified_gmt":"2025-10-09T15:31:11","slug":"hazai-gyartok","status":"publish","type":"page","link":"https:\/\/konyhasonlito.hu\/?page_id=34","title":{"rendered":"Hazai gy\u00e1rt\u00f3k"},"content":{"rendered":"\n<p>Magyarorsz\u00e1gi vend\u00e9gl\u00e1t\u00f3ipari berendez\u00e9seket \u00e9s g\u00e9peket gy\u00e1rt\u00f3 c\u00e9gek list\u00e1ja. Ezek a c\u00e9gek saj\u00e1t Magyarorsz\u00e1gi gy\u00e1rban k\u00e9szitett konyhag\u00e9peket forgalmaznak. Ha t\u00e1mogatn\u00e1 a magyar ipart akkor kit\u00fcn\u0151 megold\u00e1st jelenthetnek g\u00e9peik.<\/p>\n\n\n\n<p><\/p>\n\n\n\n<ul class=\"wp-block-list\">\n<li><a href=\"https:\/\/www.inoxbazis.hu\/\" data-type=\"link\" data-id=\"https:\/\/www.inoxbazis.hu\/\">Inoxb\u00e1zis<\/a><\/li>\n\n\n\n<li><a href=\"https:\/\/tchungary.com\/\" data-type=\"link\" data-id=\"https:\/\/tchungary.com\/\">Tc Hungary<\/a><\/li>\n\n\n\n<li><a href=\"https:\/\/gasztrometal.hu\/\" data-type=\"link\" data-id=\"https:\/\/gasztrometal.hu\/\">Gasztrometal<\/a><\/li>\n<\/ul>\n\n\n\n<p><\/p>\n","protected":false},"excerpt":{"rendered":"<p>Magyarorsz\u00e1gi vend\u00e9gl\u00e1t\u00f3ipari berendez\u00e9seket \u00e9s g\u00e9peket gy\u00e1rt\u00f3 c\u00e9gek list\u00e1ja. Ezek a c\u00e9gek saj\u00e1t Magyarorsz\u00e1gi gy\u00e1rban k\u00e9szitett konyhag\u00e9peket forgalmaznak. Ha t\u00e1mogatn\u00e1 a magyar ipart akkor kit\u00fcn\u0151 megold\u00e1st jelenthetnek g\u00e9peik.<\/p>\n","protected":false},"author":1,"featured_media":0,"parent":10,"menu_order":2,"comment_status":"closed","ping_status":"closed","template":"","meta":{"footnotes":""},"class_list":["post-34","page","type-page","status-publish","hentry"],"_links":{"self":[{"href":"https:\/\/konyhasonlito.hu\/index.php?rest_route=\/wp\/v2\/pages\/34","targetHints":{"allow":["GET"]}}],"collection":[{"href":"https:\/\/konyhasonlito.hu\/index.php?rest_route=\/wp\/v2\/pages"}],"about":[{"href":"https:\/\/konyhasonlito.hu\/index.php?rest_route=\/wp\/v2\/types\/page"}],"author":[{"embeddable":true,"href":"https:\/\/konyhasonlito.hu\/index.php?rest_route=\/wp\/v2\/users\/1"}],"replies":[{"embeddable":true,"href":"https:\/\/konyhasonlito.hu\/index.php?rest_route=%2Fwp%2Fv2%2Fcomments&post=34"}],"version-history":[{"count":3,"href":"https:\/\/konyhasonlito.hu\/index.php?rest_route=\/wp\/v2\/pages\/34\/revisions"}],"predecessor-version":[{"id":167,"href":"https:\/\/konyhasonlito.hu\/index.php?rest_route=\/wp\/v2\/pages\/34\/revisions\/167"}],"up":[{"embeddable":true,"href":"https:\/\/konyhasonlito.hu\/index.php?rest_route=\/wp\/v2\/pages\/10"}],"wp:attachment":[{"href":"https:\/\/konyhasonlito.hu\/index.php?rest_route=%2Fwp%2Fv2%2Fmedia&parent=34"}],"curies":[{"name":"wp","href":"https:\/\/api.w.org\/{rel}","templated":true}]}}