{"id":30,"date":"2025-09-20T11:07:25","date_gmt":"2025-09-20T09:07:25","guid":{"rendered":"https:\/\/konyhasonlito.hu\/?page_id=30"},"modified":"2025-10-02T10:27:05","modified_gmt":"2025-10-02T08:27:05","slug":"hazai-kereskedok","status":"publish","type":"page","link":"https:\/\/konyhasonlito.hu\/?page_id=30","title":{"rendered":"Hazai keresked\u0151k"},"content":{"rendered":"\n<p>\u00dcdv\u00f6z\u00f6lj\u00fck a professzion\u00e1lis konyhatechnol\u00f3gia vil\u00e1g\u00e1ban! Az \u00d6n sz\u00e1m\u00e1ra l\u00e9trehoztuk Magyarorsz\u00e1g legnaprak\u00e9szebb \u00e9s legteljesebb gy\u0171jtem\u00e9ny\u00e9t, amely az ipari konyhatechnol\u00f3gia, a vend\u00e9gl\u00e1t\u00f3ipari berendez\u00e9sek \u00e9s a nagykonyhai g\u00e9pek legelismertebb hazai forgalmaz\u00f3it sorakoztatja fel.<\/p>\n\n\n\n<p>C\u00e9lunk, hogy egyetlen, megb\u00edzhat\u00f3 forr\u00e1sb\u00f3l biztos\u00edtsunk hozz\u00e1f\u00e9r\u00e9st a piac legfontosabb szerepl\u0151ihez, ezzel id\u0151t \u00e9s energi\u00e1t takar\u00edtva meg \u00d6nnek. Legyen sz\u00f3 egy \u00faj \u00e9tterem teljes k\u00f6r\u0171 felszerel\u00e9s\u00e9r\u0151l, egy megl\u00e9v\u0151 konyha moderniz\u00e1l\u00e1s\u00e1r\u00f3l vagy egy speci\u00e1lis g\u00e9p beszerz\u00e9s\u00e9r\u0151l, ebben a list\u00e1ban garant\u00e1ltan megtal\u00e1lja a megfelel\u0151 partnert.<\/p>\n\n\n\n<p>Folyamatosan t\u00f6reksz\u00fcnk a teljess\u00e9gre, ez\u00e9rt ha olyan forgalmaz\u00f3t ismer, aki m\u00e9g nem szerepel adatb\u00e1zisunkban, k\u00e9rj\u00fck, jelezze fel\u00e9nk el\u00e9rhet\u0151s\u00e9geinken.<\/p>\n\n\n\n<p>Amennyiben \u00d6n vend\u00e9gl\u00e1t\u00f3ipari egys\u00e9g nyit\u00e1s\u00e1n, fejleszt\u00e9s\u00e9n gondolkodik, vagy a t\u00f6k\u00e9letes konyhatechnol\u00f3giai megold\u00e1st keresi, ne keressen tov\u00e1bb! Tekintse meg r\u00e9szletes list\u00e1nkat, \u00e9s vegye fel a kapcsolatot a legjobb szak\u00e9rt\u0151kkel m\u00e9g ma!<\/p>\n\n\n\n<h2 class=\"wp-block-heading\">A<\/h2>\n\n\n\n<ul class=\"wp-block-list\">\n<li class=\"has-text-color has-link-color wp-elements-2c5b30ab2ccdafc538bb211ae0f4d1b3\" style=\"color:#9dc183\"><a href=\"http:\/\/www.astralis.hu\/\" data-type=\"link\" data-id=\"http:\/\/www.astralis.hu\/\">Astralis<\/a><\/li>\n\n\n\n<li class=\"has-text-color has-link-color wp-elements-7154e40a3cbd47bd75a5e6d8d6591009\" style=\"color:#9dc183\"><a href=\"https:\/\/agrikon-alfa.hu\/\" data-type=\"link\" data-id=\"https:\/\/agrikon-alfa.hu\/\">Agrikon Alfa<\/a><\/li>\n\n\n\n<li><a href=\"https:\/\/www.agastro.hu\/\" data-type=\"link\" data-id=\"https:\/\/www.agastro.hu\/\">Agastro<\/a><\/li>\n\n\n\n<li><a href=\"https:\/\/anvalor.hu\/\" data-type=\"link\" data-id=\"https:\/\/anvalor.hu\/\">Anvalor<\/a><\/li>\n\n\n\n<li><a href=\"https:\/\/adukft.hu\/\" data-type=\"link\" data-id=\"https:\/\/adukft.hu\/\">Adu Kft<\/a><\/li>\n\n\n\n<li><a href=\"http:\/\/Attase Gastro Kft\">Attase Gastro<\/a><\/li>\n\n\n\n<li><a href=\"https:\/\/www.andretti.hu\/\" data-type=\"link\" data-id=\"https:\/\/www.andretti.hu\/\">Andretti <\/a><\/li>\n\n\n\n<li><a href=\"https:\/\/amecod.hu\/\">A.mecod<\/a><\/li>\n\n\n\n<li><a href=\"https:\/\/www.assur.hu\/\">Assur<\/a><\/li>\n<\/ul>\n\n\n\n<h2 class=\"wp-block-heading\">B<\/h2>\n\n\n\n<ul class=\"wp-block-list\">\n<li><a href=\"https:\/\/banu-szer.hu\/\" data-type=\"link\" data-id=\"https:\/\/banu-szer.hu\/\">Banu-szer<\/a><\/li>\n<\/ul>\n\n\n\n<p><\/p>\n\n\n\n<h2 class=\"wp-block-heading\">C<\/h2>\n\n\n\n<ul class=\"wp-block-list\">\n<li><a href=\"https:\/\/coninvest.hu\/\" data-type=\"link\" data-id=\"https:\/\/coninvest.hu\/\">Coninvest<\/a><\/li>\n\n\n\n<li><a href=\"https:\/\/www.cheftrans.hu\/\" data-type=\"link\" data-id=\"https:\/\/www.cheftrans.hu\/\">Cheftrans<\/a><\/li>\n\n\n\n<li><a href=\"https:\/\/www.culina.hu\/\" data-type=\"link\" data-id=\"https:\/\/www.culina.hu\/\">Culina<\/a><\/li>\n\n\n\n<li><a href=\"https:\/\/chef-iparikonyhagepek.hu\/\" data-type=\"link\" data-id=\"https:\/\/chef-iparikonyhagepek.hu\/\">Chef Ipari Konyhag\u00e9pek<\/a><\/li>\n\n\n\n<li><a href=\"https:\/\/www.coltello.hu\/\" data-type=\"link\" data-id=\"https:\/\/www.coltello.hu\/\">Coltello<\/a><\/li>\n\n\n\n<li><a href=\"https:\/\/coolchef.hu\/\" data-type=\"link\" data-id=\"https:\/\/coolchef.hu\/\">Coolchef<\/a><\/li>\n\n\n\n<li><a href=\"https:\/\/www.cmgasztro.hu\/\">CMgasztro<\/a><\/li>\n<\/ul>\n\n\n\n<h2 class=\"wp-block-heading\">D<\/h2>\n\n\n\n<ul class=\"wp-block-list\">\n<li><a href=\"https:\/\/www.diamondkonyha.hu\/\" data-type=\"link\" data-id=\"https:\/\/www.diamondkonyha.hu\/\">Diamond Konyhatechnol\u00f3gia<\/a><\/li>\n\n\n\n<li><a href=\"https:\/\/www.dominox.hu\/\" data-type=\"link\" data-id=\"https:\/\/www.dominox.hu\/\">Dominox<\/a><\/li>\n<\/ul>\n\n\n\n<h2 class=\"wp-block-heading\">F<\/h2>\n\n\n\n<ul class=\"wp-block-list\">\n<li><a href=\"https:\/\/www.fred.hu\/\" data-type=\"link\" data-id=\"https:\/\/www.fred.hu\/\">Fred<\/a><\/li>\n\n\n\n<li><a href=\"https:\/\/www.micko.hu\/\" data-type=\"link\" data-id=\"https:\/\/www.micko.hu\/\">F\u00f6ldi<\/a><\/li>\n<\/ul>\n\n\n\n<h2 class=\"wp-block-heading\">G<\/h2>\n\n\n\n<ul class=\"wp-block-list\">\n<li><a href=\"https:\/\/gastrokitchenshop.hu\/\">Gastro Kitchen<\/a><\/li>\n\n\n\n<li><a href=\"https:\/\/www.gasztronics.hu\/\" data-type=\"link\" data-id=\"https:\/\/www.gasztronics.hu\/\">Gastronics<\/a><\/li>\n\n\n\n<li><a href=\"https:\/\/gastrogroup.hu\/\" data-type=\"link\" data-id=\"https:\/\/gastrogroup.hu\/\">Gastrogroup<\/a><\/li>\n\n\n\n<li><a href=\"https:\/\/gastroprompt.hu\/\" data-type=\"link\" data-id=\"https:\/\/gastroprompt.hu\/\">Gastroprompt<\/a><\/li>\n\n\n\n<li><a href=\"https:\/\/gasztrotervezes.hu\/\" data-type=\"link\" data-id=\"https:\/\/gasztrotervezes.hu\/\">Gasztrotervez\u00e9s<\/a><\/li>\n\n\n\n<li><a href=\"https:\/\/www.gastro11.hu\/\" data-type=\"link\" data-id=\"https:\/\/www.gastro11.hu\/\">Gastrocentrum<\/a><\/li>\n\n\n\n<li><a href=\"https:\/\/gasztrokonyha.hu\/\" data-type=\"link\" data-id=\"https:\/\/gasztrokonyha.hu\/\">Gasztrokonyha<\/a><\/li>\n\n\n\n<li><a href=\"https:\/\/gasztrometal.hu\/\" data-type=\"link\" data-id=\"https:\/\/gasztrometal.hu\/\">Gasztrometal<\/a><\/li>\n\n\n\n<li><a href=\"https:\/\/gastropont.hu\/\" data-type=\"link\" data-id=\"https:\/\/gastropont.hu\/\">Gastropont<\/a><\/li>\n\n\n\n<li><a href=\"https:\/\/gasztrocel.hu\/\" data-type=\"link\" data-id=\"https:\/\/gasztrocel.hu\/\">Gasztrocel<\/a><\/li>\n\n\n\n<li><a href=\"https:\/\/www.gasztroeszkozok.hu\/\" data-type=\"link\" data-id=\"https:\/\/www.gasztroeszkozok.hu\/\">Gasztroeszk\u00f6z\u00f6k<\/a><\/li>\n\n\n\n<li><a href=\"https:\/\/gasztroker.hu\/\" data-type=\"link\" data-id=\"https:\/\/gasztroker.hu\/\">Gasztroker<\/a><\/li>\n\n\n\n<li><a href=\"https:\/\/gastrocentrum.hu\/\" data-type=\"link\" data-id=\"https:\/\/gastrocentrum.hu\/\">Gastrocentrum<\/a><\/li>\n\n\n\n<li><a href=\"https:\/\/www.gasztroborze.hu\/\" data-type=\"link\" data-id=\"https:\/\/www.gasztroborze.hu\/\">Gasztrob\u00f6rze<\/a><\/li>\n\n\n\n<li><a href=\"https:\/\/www.gasztrokerkft.hu\/\" data-type=\"link\" data-id=\"https:\/\/www.gasztrokerkft.hu\/\">Gasztroker<\/a><\/li>\n\n\n\n<li><a href=\"https:\/\/gammo.hu\/\" data-type=\"link\" data-id=\"https:\/\/gammo.hu\/\">Gammo<\/a><\/li>\n\n\n\n<li><a href=\"https:\/\/www.gasztronagyker.hu\/\" data-type=\"link\" data-id=\"https:\/\/www.gasztronagyker.hu\/\">Gasztronagyker<\/a><\/li>\n\n\n\n<li><a href=\"https:\/\/nagykonyhaiberendezesek.hu\/\" data-type=\"link\" data-id=\"https:\/\/nagykonyhaiberendezesek.hu\/\">Gastromega<\/a><\/li>\n\n\n\n<li><a href=\"https:\/\/grillhousekft.hu\/\" data-type=\"link\" data-id=\"https:\/\/grillhousekft.hu\/\">Grillhouse<\/a><\/li>\n\n\n\n<li><a href=\"https:\/\/gasztrozoli.hu\/\" data-type=\"link\" data-id=\"https:\/\/gasztrozoli.hu\/\">Gasztrozoli<\/a><\/li>\n<\/ul>\n\n\n\n<h2 class=\"wp-block-heading\">H<\/h2>\n\n\n\n<ul class=\"wp-block-list\">\n<li><a href=\"https:\/\/hfse.hu\/\" data-type=\"link\" data-id=\"https:\/\/hfse.hu\/\">Hfse<\/a><\/li>\n\n\n\n<li><a href=\"https:\/\/www.hotex.hu\/webshop\/\" data-type=\"link\" data-id=\"https:\/\/www.hotex.hu\/webshop\/\">Hotex<\/a><\/li>\n<\/ul>\n\n\n\n<h2 class=\"wp-block-heading\">I<\/h2>\n\n\n\n<ul class=\"wp-block-list\">\n<li><a href=\"https:\/\/www.iparinagykonyhaigepek.hu\/\" data-type=\"link\" data-id=\"https:\/\/www.iparinagykonyhaigepek.hu\/\">Ipari Nagykonyhai G\u00e9pek<\/a><\/li>\n\n\n\n<li><a href=\"https:\/\/www.inoxplaza.hu\/\" data-type=\"link\" data-id=\"https:\/\/www.inoxplaza.hu\/\">Inoxplaza<\/a><\/li>\n\n\n\n<li><a href=\"https:\/\/www.inoxbazis.hu\/\" data-type=\"link\" data-id=\"https:\/\/www.inoxbazis.hu\/\">Inoxb\u00e1zis<\/a><\/li>\n<\/ul>\n\n\n\n<h2 class=\"wp-block-heading\">K<\/h2>\n\n\n\n<ul class=\"wp-block-list\">\n<li><a href=\"https:\/\/kombiplusz.hu\/\" data-type=\"link\" data-id=\"https:\/\/kombiplusz.hu\/\">Kombi Plusz<\/a><\/li>\n\n\n\n<li><a href=\"https:\/\/kendegastro.hu\/\">Kendegastro<\/a><\/li>\n\n\n\n<li><a href=\"https:\/\/www.kogast.hu\/\" data-type=\"link\" data-id=\"https:\/\/www.kogast.hu\/\">Kogast<\/a><\/li>\n<\/ul>\n\n\n\n<h2 class=\"wp-block-heading\">L<\/h2>\n\n\n\n<ul class=\"wp-block-list\">\n<li><a href=\"https:\/\/legally.hu\/\" data-type=\"link\" data-id=\"https:\/\/legally.hu\/\">Legally<\/a><\/li>\n<\/ul>\n\n\n\n<h2 class=\"wp-block-heading\">N<\/h2>\n\n\n\n<ul class=\"wp-block-list\">\n<li><a href=\"https:\/\/www.nagykonyhai.com\/\" data-type=\"link\" data-id=\"https:\/\/www.nagykonyhai.com\/\">Nagykonyhai g\u00e9pek<\/a><\/li>\n<\/ul>\n\n\n\n<h2 class=\"wp-block-heading\">P<\/h2>\n\n\n\n<ul class=\"wp-block-list\">\n<li><a href=\"https:\/\/www.nagykonyhashop.hu\/\" data-type=\"link\" data-id=\"https:\/\/www.nagykonyhashop.hu\/\">Passion Trade<\/a><\/li>\n\n\n\n<li><a href=\"https:\/\/piliskonyha.hu\/\" data-type=\"link\" data-id=\"https:\/\/piliskonyha.hu\/\">Piliskonyha<\/a><\/li>\n\n\n\n<li><a href=\"https:\/\/plvshop.hu\/\" data-type=\"link\" data-id=\"https:\/\/plvshop.hu\/\">Plvshop<\/a><\/li>\n\n\n\n<li><a href=\"https:\/\/papaigasztro.com\/\" data-type=\"link\" data-id=\"https:\/\/papaigasztro.com\/\">P\u00e1pai Gasztro<\/a><\/li>\n\n\n\n<li><a href=\"https:\/\/prokonyha.hu\/\" data-type=\"link\" data-id=\"https:\/\/prokonyha.hu\/\">Profi konyha<\/a><\/li>\n<\/ul>\n\n\n\n<h2 class=\"wp-block-heading\">R<\/h2>\n\n\n\n<ul class=\"wp-block-list\">\n<li><a href=\"https:\/\/rdealer.hu\/\" data-type=\"link\" data-id=\"https:\/\/rdealer.hu\/\">Rdealer<\/a><\/li>\n\n\n\n<li><a href=\"https:\/\/rmkonyha.hu\/index.html\">Rmkonyha<\/a><\/li>\n<\/ul>\n\n\n\n<h2 class=\"wp-block-heading\">S<\/h2>\n\n\n\n<ul class=\"wp-block-list\">\n<li><a href=\"https:\/\/webshop.skilltrade.hu\/\" data-type=\"link\" data-id=\"https:\/\/webshop.skilltrade.hu\/\">Skilltrade<\/a><\/li>\n\n\n\n<li><a href=\"https:\/\/sousvidechef.hu\/\" data-type=\"link\" data-id=\"https:\/\/sousvidechef.hu\/\">Sous-Vide Chef<\/a><\/li>\n<\/ul>\n\n\n\n<h2 class=\"wp-block-heading\">T<\/h2>\n\n\n\n<ul class=\"wp-block-list\">\n<li><a href=\"https:\/\/tchungary.com\/\" data-type=\"link\" data-id=\"https:\/\/tchungary.com\/\">Tchungary<\/a><\/li>\n<\/ul>\n\n\n\n<h2 class=\"wp-block-heading\">\u00dc<\/h2>\n\n\n\n<ul class=\"wp-block-list\">\n<li><a href=\"https:\/\/uzletguru.hu\/\" data-type=\"link\" data-id=\"https:\/\/uzletguru.hu\/\">\u00dczletguru<\/a><\/li>\n<\/ul>\n\n\n\n<h2 class=\"wp-block-heading\">V<\/h2>\n\n\n\n<ul class=\"wp-block-list\">\n<li><a href=\"https:\/\/www.vendker.hu\/\" data-type=\"link\" data-id=\"https:\/\/www.vendker.hu\/\">Vendker<\/a><\/li>\n\n\n\n<li><a href=\"https:\/\/vinto.hu\/\" data-type=\"link\" data-id=\"https:\/\/vinto.hu\/\">Vinto<\/a><\/li>\n\n\n\n<li><a href=\"https:\/\/www.vendi.hu\/\" data-type=\"link\" data-id=\"https:\/\/www.vendi.hu\/\">Vendi<\/a><\/li>\n<\/ul>\n","protected":false},"excerpt":{"rendered":"<p>\u00dcdv\u00f6z\u00f6lj\u00fck a professzion\u00e1lis konyhatechnol\u00f3gia vil\u00e1g\u00e1ban! Az \u00d6n sz\u00e1m\u00e1ra l\u00e9trehoztuk Magyarorsz\u00e1g legnaprak\u00e9szebb \u00e9s legteljesebb gy\u0171jtem\u00e9ny\u00e9t, amely az ipari konyhatechnol\u00f3gia, a vend\u00e9gl\u00e1t\u00f3ipari berendez\u00e9sek \u00e9s a nagykonyhai g\u00e9pek legelismertebb hazai forgalmaz\u00f3it sorakoztatja fel. C\u00e9lunk, hogy egyetlen, megb\u00edzhat\u00f3 forr\u00e1sb\u00f3l biztos\u00edtsunk hozz\u00e1f\u00e9r\u00e9st a piac legfontosabb szerepl\u0151ihez, ezzel id\u0151t \u00e9s energi\u00e1t takar\u00edtva meg \u00d6nnek. Legyen sz\u00f3 egy \u00faj \u00e9tterem teljes k\u00f6r\u0171 [&hellip;]<\/p>\n","protected":false},"author":1,"featured_media":0,"parent":10,"menu_order":1,"comment_status":"closed","ping_status":"closed","template":"","meta":{"footnotes":""},"class_list":["post-30","page","type-page","status-publish","hentry"],"_links":{"self":[{"href":"https:\/\/konyhasonlito.hu\/index.php?rest_route=\/wp\/v2\/pages\/30","targetHints":{"allow":["GET"]}}],"collection":[{"href":"https:\/\/konyhasonlito.hu\/index.php?rest_route=\/wp\/v2\/pages"}],"about":[{"href":"https:\/\/konyhasonlito.hu\/index.php?rest_route=\/wp\/v2\/types\/page"}],"author":[{"embeddable":true,"href":"https:\/\/konyhasonlito.hu\/index.php?rest_route=\/wp\/v2\/users\/1"}],"replies":[{"embeddable":true,"href":"https:\/\/konyhasonlito.hu\/index.php?rest_route=%2Fwp%2Fv2%2Fcomments&post=30"}],"version-history":[{"count":12,"href":"https:\/\/konyhasonlito.hu\/index.php?rest_route=\/wp\/v2\/pages\/30\/revisions"}],"predecessor-version":[{"id":148,"href":"https:\/\/konyhasonlito.hu\/index.php?rest_route=\/wp\/v2\/pages\/30\/revisions\/148"}],"up":[{"embeddable":true,"href":"https:\/\/konyhasonlito.hu\/index.php?rest_route=\/wp\/v2\/pages\/10"}],"wp:attachment":[{"href":"https:\/\/konyhasonlito.hu\/index.php?rest_route=%2Fwp%2Fv2%2Fmedia&parent=30"}],"curies":[{"name":"wp","href":"https:\/\/api.w.org\/{rel}","templated":true}]}}