{"id":160,"date":"2025-10-02T11:24:02","date_gmt":"2025-10-02T09:24:02","guid":{"rendered":"https:\/\/konyhasonlito.hu\/?page_id=160"},"modified":"2025-10-02T11:24:02","modified_gmt":"2025-10-02T09:24:02","slug":"marketing","status":"publish","type":"page","link":"https:\/\/konyhasonlito.hu\/?page_id=160","title":{"rendered":"Marketing"},"content":{"rendered":"\n<p>T\u00f6bb mint 15 \u00e9ves, \u00fcgyn\u00f6ks\u00e9gi \u00e9s \u00fcgyf\u00e9loldalon szerzett b2b \u00e9s b2c marketing<br>tapasztalattal rendelkezem. Amennyiben a vend\u00e9gl\u00e1t\u00f3ipari egys\u00e9gednek sz\u00fcks\u00e9ge van marketing t\u00e1mogat\u00e1sra keress meg. El\u00e9rhet\u0151s\u00e9geim a kapcsolat oldalon megtekinthet\u0151k<\/p>\n\n\n\n<p><\/p>\n","protected":false},"excerpt":{"rendered":"<p>T\u00f6bb mint 15 \u00e9ves, \u00fcgyn\u00f6ks\u00e9gi \u00e9s \u00fcgyf\u00e9loldalon szerzett b2b \u00e9s b2c marketingtapasztalattal rendelkezem. Amennyiben a vend\u00e9gl\u00e1t\u00f3ipari egys\u00e9gednek sz\u00fcks\u00e9ge van marketing t\u00e1mogat\u00e1sra keress meg. El\u00e9rhet\u0151s\u00e9geim a kapcsolat oldalon megtekinthet\u0151k<\/p>\n","protected":false},"author":1,"featured_media":0,"parent":38,"menu_order":0,"comment_status":"closed","ping_status":"closed","template":"","meta":{"footnotes":""},"class_list":["post-160","page","type-page","status-publish","hentry"],"_links":{"self":[{"href":"https:\/\/konyhasonlito.hu\/index.php?rest_route=\/wp\/v2\/pages\/160","targetHints":{"allow":["GET"]}}],"collection":[{"href":"https:\/\/konyhasonlito.hu\/index.php?rest_route=\/wp\/v2\/pages"}],"about":[{"href":"https:\/\/konyhasonlito.hu\/index.php?rest_route=\/wp\/v2\/types\/page"}],"author":[{"embeddable":true,"href":"https:\/\/konyhasonlito.hu\/index.php?rest_route=\/wp\/v2\/users\/1"}],"replies":[{"embeddable":true,"href":"https:\/\/konyhasonlito.hu\/index.php?rest_route=%2Fwp%2Fv2%2Fcomments&post=160"}],"version-history":[{"count":1,"href":"https:\/\/konyhasonlito.hu\/index.php?rest_route=\/wp\/v2\/pages\/160\/revisions"}],"predecessor-version":[{"id":161,"href":"https:\/\/konyhasonlito.hu\/index.php?rest_route=\/wp\/v2\/pages\/160\/revisions\/161"}],"up":[{"embeddable":true,"href":"https:\/\/konyhasonlito.hu\/index.php?rest_route=\/wp\/v2\/pages\/38"}],"wp:attachment":[{"href":"https:\/\/konyhasonlito.hu\/index.php?rest_route=%2Fwp%2Fv2%2Fmedia&parent=160"}],"curies":[{"name":"wp","href":"https:\/\/api.w.org\/{rel}","templated":true}]}}