{"id":149,"date":"2025-10-02T10:47:47","date_gmt":"2025-10-02T08:47:47","guid":{"rendered":"https:\/\/konyhasonlito.hu\/?page_id=149"},"modified":"2025-10-02T10:47:47","modified_gmt":"2025-10-02T08:47:47","slug":"skvot","status":"publish","type":"page","link":"https:\/\/konyhasonlito.hu\/?page_id=149","title":{"rendered":"Skvot"},"content":{"rendered":"\n<p>A vend\u00e9gl\u00e1t\u00f3ipar folyamatosan fejl\u0151d\u0151 \u00e9s magas szint\u0171 szak\u00e9rtelmet ig\u00e9nyl\u0151 \u00e1gazat. A piaci versenyk\u00e9pess\u00e9g meg\u0151rz\u00e9se \u00e9s a min\u0151s\u00e9gi szolg\u00e1ltat\u00e1sok biztos\u00edt\u00e1sa \u00e9rdek\u00e9ben elengedhetetlen a naprak\u00e9sz tud\u00e1s \u00e9s a gyakorlati ismeretek elsaj\u00e1t\u00edt\u00e1sa, mind a tapasztalt szakemberek, mind a p\u00e1lyakezd\u0151k sz\u00e1m\u00e1ra. A Skvot oldal\u00e1n el\u00e9rhet\u0151k k\u00fcl\u00f6nb\u00f6z\u0151 hasznos, online elv\u00e9gezhet\u0151 tanfolyamok \u00e9s kurzusok:<\/p>\n\n\n\n<ul class=\"wp-block-list\">\n<li><a href=\"https:\/\/skvot.hu\/course\/484-indits-sajat-kavezot\">Indits saj\u00e1t k\u00e1v\u00e9z\u00f3t<\/a><\/li>\n\n\n\n<li><a href=\"https:\/\/skvot.hu\/course\/628-hogyan-nyiss-es-vezess-pizzeriat\" data-type=\"link\" data-id=\"https:\/\/skvot.hu\/course\/628-hogyan-nyiss-es-vezess-pizzeriat\">Pizz\u00e9riaalapit\u00e1 \u00e9s -\u00fczemeltet\u00e9s<\/a><\/li>\n\n\n\n<li><a href=\"https:\/\/skvot.hu\/course\/630-cukraszdauezemeltetes\">Cukr\u00e1szda \u00fczemeltet\u00e9s a gyakorlatban<\/a><\/li>\n\n\n\n<li><a href=\"https:\/\/skvot.hu\/course\/194-gasztronomiai-markamenedzsment\">Gasztron\u00f3miai m\u00e1rkamenedzsment<\/a><\/li>\n\n\n\n<li><a href=\"https:\/\/skvot.hu\/course\/362-etteremmenedzsment\">\u00c9tteremmenedzsment<\/a><\/li>\n\n\n\n<li><a href=\"https:\/\/skvot.hu\/course\/552-kezmuves-pekseg-uezemeltetese\">K\u00e9zm\u00fcves p\u00e9ks\u00e9g \u00fczemeltet\u00e9se az alapokt\u00f3l<\/a><\/li>\n<\/ul>\n\n\n\n<p>Amennyiben b\u00e1rmelyik \u00e9rdekel \u00e9rdekl\u0151dj a r\u00e9szletekr\u0151l a Skvot el\u00e9rhet\u0151s\u00e9gein.<\/p>\n","protected":false},"excerpt":{"rendered":"<p>A vend\u00e9gl\u00e1t\u00f3ipar folyamatosan fejl\u0151d\u0151 \u00e9s magas szint\u0171 szak\u00e9rtelmet ig\u00e9nyl\u0151 \u00e1gazat. A piaci versenyk\u00e9pess\u00e9g meg\u0151rz\u00e9se \u00e9s a min\u0151s\u00e9gi szolg\u00e1ltat\u00e1sok biztos\u00edt\u00e1sa \u00e9rdek\u00e9ben elengedhetetlen a naprak\u00e9sz tud\u00e1s \u00e9s a gyakorlati ismeretek elsaj\u00e1t\u00edt\u00e1sa, mind a tapasztalt szakemberek, mind a p\u00e1lyakezd\u0151k sz\u00e1m\u00e1ra. A Skvot oldal\u00e1n el\u00e9rhet\u0151k k\u00fcl\u00f6nb\u00f6z\u0151 hasznos, online elv\u00e9gezhet\u0151 tanfolyamok \u00e9s kurzusok: Amennyiben b\u00e1rmelyik \u00e9rdekel \u00e9rdekl\u0151dj a r\u00e9szletekr\u0151l a [&hellip;]<\/p>\n","protected":false},"author":1,"featured_media":0,"parent":132,"menu_order":0,"comment_status":"closed","ping_status":"closed","template":"","meta":{"footnotes":""},"class_list":["post-149","page","type-page","status-publish","hentry"],"_links":{"self":[{"href":"https:\/\/konyhasonlito.hu\/index.php?rest_route=\/wp\/v2\/pages\/149","targetHints":{"allow":["GET"]}}],"collection":[{"href":"https:\/\/konyhasonlito.hu\/index.php?rest_route=\/wp\/v2\/pages"}],"about":[{"href":"https:\/\/konyhasonlito.hu\/index.php?rest_route=\/wp\/v2\/types\/page"}],"author":[{"embeddable":true,"href":"https:\/\/konyhasonlito.hu\/index.php?rest_route=\/wp\/v2\/users\/1"}],"replies":[{"embeddable":true,"href":"https:\/\/konyhasonlito.hu\/index.php?rest_route=%2Fwp%2Fv2%2Fcomments&post=149"}],"version-history":[{"count":1,"href":"https:\/\/konyhasonlito.hu\/index.php?rest_route=\/wp\/v2\/pages\/149\/revisions"}],"predecessor-version":[{"id":150,"href":"https:\/\/konyhasonlito.hu\/index.php?rest_route=\/wp\/v2\/pages\/149\/revisions\/150"}],"up":[{"embeddable":true,"href":"https:\/\/konyhasonlito.hu\/index.php?rest_route=\/wp\/v2\/pages\/132"}],"wp:attachment":[{"href":"https:\/\/konyhasonlito.hu\/index.php?rest_route=%2Fwp%2Fv2%2Fmedia&parent=149"}],"curies":[{"name":"wp","href":"https:\/\/api.w.org\/{rel}","templated":true}]}}