{"id":138,"date":"2025-10-02T09:45:56","date_gmt":"2025-10-02T07:45:56","guid":{"rendered":"https:\/\/konyhasonlito.hu\/?page_id=138"},"modified":"2025-10-02T09:45:56","modified_gmt":"2025-10-02T07:45:56","slug":"kkv-innovacios-tamogatas","status":"publish","type":"page","link":"https:\/\/konyhasonlito.hu\/?page_id=138","title":{"rendered":"KKV Innov\u00e1ci\u00f3s T\u00e1mogat\u00e1s"},"content":{"rendered":"\n<p><strong>Bead\u00e1si hat\u00e1rid\u0151:<\/strong>&nbsp;v\u00e1rhat\u00f3an \u0151sz v\u00e9g\u00e9t\u0151l<\/p>\n\n\n\n<p><strong>Keret<\/strong>: a beadott ig\u00e9nyek alapj\u00e1n maradni fog kb. 10 Mrd. Ft.<br>&nbsp;<strong>T\u00e1mogat\u00e1s m\u00e9rt\u00e9ke<\/strong><\/p>\n\n\n\n<ul class=\"wp-block-list\">\n<li>20-50 milli\u00f3 Ft vissza nem t\u00e9r\u00edtend\u0151 t\u00e1mogat\u00e1s<\/li>\n\n\n\n<li>70%-os t\u00e1mogat\u00e1si intenzit\u00e1s<\/li>\n\n\n\n<li>30%-os el\u0151leg lehet\u0151s\u00e9g<\/li>\n<\/ul>\n\n\n\n<p><strong>Jogosultak<\/strong><\/p>\n\n\n\n<p>Mikro- \u00e9s kisv\u00e1llalkoz\u00e1sok, minimum 3 f\u0151s l\u00e9tsz\u00e1mmal, legal\u00e1bb egy lez\u00e1rt \u00fczleti \u00e9vvel.<\/p>\n\n\n\n<p><strong>T\u00e1mogathat\u00f3 tev\u00e9kenys\u00e9gek<\/strong><\/p>\n\n\n\n<ul class=\"wp-block-list\">\n<li>G\u00e9pek, eszk\u00f6z\u00f6k beszerz\u00e9se (max. 70%)<\/li>\n\n\n\n<li>Szak\u00e9rt\u0151i tan\u00e1csad\u00e1s (max. 7%)<\/li>\n\n\n\n<li>Szoftverek, felh\u0151szolg\u00e1ltat\u00e1sok<\/li>\n\n\n\n<li>Projektmenedzsment<\/li>\n<\/ul>\n","protected":false},"excerpt":{"rendered":"<p>Bead\u00e1si hat\u00e1rid\u0151:&nbsp;v\u00e1rhat\u00f3an \u0151sz v\u00e9g\u00e9t\u0151l Keret: a beadott ig\u00e9nyek alapj\u00e1n maradni fog kb. 10 Mrd. Ft.&nbsp;T\u00e1mogat\u00e1s m\u00e9rt\u00e9ke Jogosultak Mikro- \u00e9s kisv\u00e1llalkoz\u00e1sok, minimum 3 f\u0151s l\u00e9tsz\u00e1mmal, legal\u00e1bb egy lez\u00e1rt \u00fczleti \u00e9vvel. T\u00e1mogathat\u00f3 tev\u00e9kenys\u00e9gek<\/p>\n","protected":false},"author":1,"featured_media":0,"parent":44,"menu_order":0,"comment_status":"closed","ping_status":"closed","template":"","meta":{"footnotes":""},"class_list":["post-138","page","type-page","status-publish","hentry"],"_links":{"self":[{"href":"https:\/\/konyhasonlito.hu\/index.php?rest_route=\/wp\/v2\/pages\/138","targetHints":{"allow":["GET"]}}],"collection":[{"href":"https:\/\/konyhasonlito.hu\/index.php?rest_route=\/wp\/v2\/pages"}],"about":[{"href":"https:\/\/konyhasonlito.hu\/index.php?rest_route=\/wp\/v2\/types\/page"}],"author":[{"embeddable":true,"href":"https:\/\/konyhasonlito.hu\/index.php?rest_route=\/wp\/v2\/users\/1"}],"replies":[{"embeddable":true,"href":"https:\/\/konyhasonlito.hu\/index.php?rest_route=%2Fwp%2Fv2%2Fcomments&post=138"}],"version-history":[{"count":1,"href":"https:\/\/konyhasonlito.hu\/index.php?rest_route=\/wp\/v2\/pages\/138\/revisions"}],"predecessor-version":[{"id":139,"href":"https:\/\/konyhasonlito.hu\/index.php?rest_route=\/wp\/v2\/pages\/138\/revisions\/139"}],"up":[{"embeddable":true,"href":"https:\/\/konyhasonlito.hu\/index.php?rest_route=\/wp\/v2\/pages\/44"}],"wp:attachment":[{"href":"https:\/\/konyhasonlito.hu\/index.php?rest_route=%2Fwp%2Fv2%2Fmedia&parent=138"}],"curies":[{"name":"wp","href":"https:\/\/api.w.org\/{rel}","templated":true}]}}