{"id":136,"date":"2025-10-02T09:44:54","date_gmt":"2025-10-02T07:44:54","guid":{"rendered":"https:\/\/konyhasonlito.hu\/?page_id=136"},"modified":"2025-10-02T09:44:54","modified_gmt":"2025-10-02T07:44:54","slug":"demjan-sandor-palyazat","status":"publish","type":"page","link":"https:\/\/konyhasonlito.hu\/?page_id=136","title":{"rendered":"Demj\u00e1n S\u00e1ndor p\u00e1ly\u00e1zat"},"content":{"rendered":"\n<p><strong><u>Demj\u00e1n S\u00e1ndor 1+1 KKV Beruh\u00e1z\u00e1s-\u00e9l\u00e9nk\u00edt\u0151 Program 2. \u00fctem<\/u><\/strong><\/p>\n\n\n\n<p><strong>Bead\u00e1si hat\u00e1rid\u0151:<\/strong>&nbsp;v\u00e1rhat\u00f3an \u0151sz v\u00e9g\u00e9t\u0151l<br>&nbsp;<strong>Keret\u00f6sszeg:<\/strong>&nbsp;30-50 milli\u00e1rd Ft<\/p>\n\n\n\n<p><strong>T\u00e1mogat\u00e1s m\u00e9rt\u00e9ke<\/strong><\/p>\n\n\n\n<ul class=\"wp-block-list\">\n<li>5-200 milli\u00f3 Ft vissza nem t\u00e9r\u00edtend\u0151 t\u00e1mogat\u00e1s<\/li>\n\n\n\n<li>50%-os t\u00e1mogat\u00e1si intenzit\u00e1s<\/li>\n\n\n\n<li>100%-os el\u0151leg<\/li>\n<\/ul>\n\n\n\n<p><strong>Jogosultak<\/strong><\/p>\n\n\n\n<p>Mikro-, kis- \u00e9s k\u00f6z\u00e9pv\u00e1llalkoz\u00e1sok, minimum 2 f\u0151s l\u00e9tsz\u00e1mmal, legal\u00e1bb 2 lez\u00e1rt \u00fczleti \u00e9vvel.<\/p>\n\n\n\n<p><strong>T\u00e1mogathat\u00f3 tev\u00e9kenys\u00e9gek<\/strong><\/p>\n\n\n\n<ul class=\"wp-block-list\">\n<li>\u00daj g\u00e9pek, eszk\u00f6z\u00f6k beszerz\u00e9se (k\u00f6telez\u0151, min. 40%)<\/li>\n\n\n\n<li>IT-fejleszt\u00e9s (max. 50%)<\/li>\n\n\n\n<li>Haszong\u00e9pj\u00e1rm\u0171vek (max. 25 M Ft)<\/li>\n\n\n\n<li>Meg\u00fajul\u00f3 energia technol\u00f3gi\u00e1k (max. 50%)<\/li>\n\n\n\n<li>Tan\u00e1csad\u00e1s, licenszek<\/li>\n<\/ul>\n\n\n\n<p><\/p>\n","protected":false},"excerpt":{"rendered":"<p>Demj\u00e1n S\u00e1ndor 1+1 KKV Beruh\u00e1z\u00e1s-\u00e9l\u00e9nk\u00edt\u0151 Program 2. \u00fctem Bead\u00e1si hat\u00e1rid\u0151:&nbsp;v\u00e1rhat\u00f3an \u0151sz v\u00e9g\u00e9t\u0151l&nbsp;Keret\u00f6sszeg:&nbsp;30-50 milli\u00e1rd Ft T\u00e1mogat\u00e1s m\u00e9rt\u00e9ke Jogosultak Mikro-, kis- \u00e9s k\u00f6z\u00e9pv\u00e1llalkoz\u00e1sok, minimum 2 f\u0151s l\u00e9tsz\u00e1mmal, legal\u00e1bb 2 lez\u00e1rt \u00fczleti \u00e9vvel. T\u00e1mogathat\u00f3 tev\u00e9kenys\u00e9gek<\/p>\n","protected":false},"author":1,"featured_media":0,"parent":44,"menu_order":0,"comment_status":"closed","ping_status":"closed","template":"","meta":{"footnotes":""},"class_list":["post-136","page","type-page","status-publish","hentry"],"_links":{"self":[{"href":"https:\/\/konyhasonlito.hu\/index.php?rest_route=\/wp\/v2\/pages\/136","targetHints":{"allow":["GET"]}}],"collection":[{"href":"https:\/\/konyhasonlito.hu\/index.php?rest_route=\/wp\/v2\/pages"}],"about":[{"href":"https:\/\/konyhasonlito.hu\/index.php?rest_route=\/wp\/v2\/types\/page"}],"author":[{"embeddable":true,"href":"https:\/\/konyhasonlito.hu\/index.php?rest_route=\/wp\/v2\/users\/1"}],"replies":[{"embeddable":true,"href":"https:\/\/konyhasonlito.hu\/index.php?rest_route=%2Fwp%2Fv2%2Fcomments&post=136"}],"version-history":[{"count":1,"href":"https:\/\/konyhasonlito.hu\/index.php?rest_route=\/wp\/v2\/pages\/136\/revisions"}],"predecessor-version":[{"id":137,"href":"https:\/\/konyhasonlito.hu\/index.php?rest_route=\/wp\/v2\/pages\/136\/revisions\/137"}],"up":[{"embeddable":true,"href":"https:\/\/konyhasonlito.hu\/index.php?rest_route=\/wp\/v2\/pages\/44"}],"wp:attachment":[{"href":"https:\/\/konyhasonlito.hu\/index.php?rest_route=%2Fwp%2Fv2%2Fmedia&parent=136"}],"curies":[{"name":"wp","href":"https:\/\/api.w.org\/{rel}","templated":true}]}}