{"id":125,"date":"2025-10-02T09:21:06","date_gmt":"2025-10-02T07:21:06","guid":{"rendered":"https:\/\/konyhasonlito.hu\/?page_id=125"},"modified":"2025-10-02T10:54:03","modified_gmt":"2025-10-02T08:54:03","slug":"cikkek","status":"publish","type":"page","link":"https:\/\/konyhasonlito.hu\/?page_id=125","title":{"rendered":"H\u00edrek"},"content":{"rendered":"\n<figure class=\"wp-block-embed is-type-wp-embed is-provider-konyhasonl-t-hu wp-block-embed-konyhasonl-t-hu\"><div class=\"wp-block-embed__wrapper\">\n<blockquote class=\"wp-embedded-content\" data-secret=\"X4jiVVn2HU\"><a href=\"https:\/\/konyhasonlito.hu\/?p=127\">\u00c9lm\u00e9ny, \u00edz \u00e9s bizony\u00edt\u00e9k egy Rational f\u0151z\u0151show kulissz\u00e1i m\u00f6g\u00fcl<\/a><\/blockquote><iframe loading=\"lazy\" class=\"wp-embedded-content\" sandbox=\"allow-scripts\" security=\"restricted\" style=\"position: absolute; visibility: hidden;\" title=\"&#8220;\u00c9lm\u00e9ny, \u00edz \u00e9s bizony\u00edt\u00e9k egy Rational f\u0151z\u0151show kulissz\u00e1i m\u00f6g\u00fcl&#8221; &#8212; Konyhasonl\u00edt\u00f3.hu\" src=\"https:\/\/konyhasonlito.hu\/?p=127&#038;embed=true#?secret=ZHV2QPu2iw#?secret=X4jiVVn2HU\" data-secret=\"X4jiVVn2HU\" width=\"600\" height=\"338\" frameborder=\"0\" marginwidth=\"0\" marginheight=\"0\" scrolling=\"no\"><\/iframe>\n<\/div><\/figure>\n\n\n\n<p><\/p>\n","protected":false},"excerpt":{"rendered":"","protected":false},"author":1,"featured_media":0,"parent":0,"menu_order":5,"comment_status":"closed","ping_status":"closed","template":"","meta":{"footnotes":""},"class_list":["post-125","page","type-page","status-publish","hentry"],"_links":{"self":[{"href":"https:\/\/konyhasonlito.hu\/index.php?rest_route=\/wp\/v2\/pages\/125","targetHints":{"allow":["GET"]}}],"collection":[{"href":"https:\/\/konyhasonlito.hu\/index.php?rest_route=\/wp\/v2\/pages"}],"about":[{"href":"https:\/\/konyhasonlito.hu\/index.php?rest_route=\/wp\/v2\/types\/page"}],"author":[{"embeddable":true,"href":"https:\/\/konyhasonlito.hu\/index.php?rest_route=\/wp\/v2\/users\/1"}],"replies":[{"embeddable":true,"href":"https:\/\/konyhasonlito.hu\/index.php?rest_route=%2Fwp%2Fv2%2Fcomments&post=125"}],"version-history":[{"count":3,"href":"https:\/\/konyhasonlito.hu\/index.php?rest_route=\/wp\/v2\/pages\/125\/revisions"}],"predecessor-version":[{"id":154,"href":"https:\/\/konyhasonlito.hu\/index.php?rest_route=\/wp\/v2\/pages\/125\/revisions\/154"}],"wp:attachment":[{"href":"https:\/\/konyhasonlito.hu\/index.php?rest_route=%2Fwp%2Fv2%2Fmedia&parent=125"}],"curies":[{"name":"wp","href":"https:\/\/api.w.org\/{rel}","templated":true}]}}